{"id":2,"date":"2014-02-16T21:02:59","date_gmt":"2014-02-16T20:02:59","guid":{"rendered":"http:\/\/fotografia.ukowski.pl\/?page_id=2"},"modified":"2023-09-28T21:53:12","modified_gmt":"2023-09-28T19:53:12","slug":"przykladowa-strona","status":"publish","type":"page","link":"http:\/\/fotografia.ukowski.pl\/projekt\/?page_id=2","title":{"rendered":"Oferta"},"content":{"rendered":"<div id=\"WRchTxtx-q7o\" style=\"text-align: center;\">\n<hr>\n<p align=\"center\"><b>Witam.<\/b><\/p>\n<p align=\"center\"><b>&nbsp;Moja praca zaczyna si\u0119&nbsp;od dowolnego momentu (makija\u017c, fryzjer, ubieranie Panny M\u0142odej\/Pana M\u0142odego) natomiast ko\u0144czy si\u0119 po ostatniej zabawie po Oczepinach (okolice 1-2 w nocy).<\/b><\/p>\n<p align=\"center\"><b>&nbsp;<\/b><\/p>\n<p align=\"center\"><b>Pakiet I obejmuje:<\/b><\/p>\n<p align=\"center\"><b>&#8211; oko\u0142o 1000 zdj\u0119\u0107 na pendrive,<\/b><\/p>\n<p align=\"center\"><b>&#8211; strona internetowa wa\u017cna przez 3 miesi\u0105ce,<\/b><\/p>\n<p align=\"center\"><b>&#8211; plener w tym lub innym dniu.<\/b><\/p>\n<p align=\"center\">&nbsp;<\/p>\n<p align=\"center\"><b>Pakiet II obejmuje:<\/b><\/p>\n<p><b>&#8211; fotoalbum 30x30cm &#8211; 20 kart (oko\u0142o 100 zdj\u0119\u0107) w eleganckim boxie,<br \/>\n<\/b><\/p>\n<p align=\"center\"><b>&#8211; oko\u0142o 1000 zdj\u0119\u0107 na pendrive,<\/b><\/p>\n<p align=\"center\"><b>&#8211; strona internetowa wa\u017cna przez 3 miesi\u0105ce,<\/b><\/p>\n<p align=\"center\"><b>&#8211; plener w tym lub innym dniu.<\/b><\/p>\n<p align=\"center\">&nbsp;<\/p>\n<p align=\"center\">Podane pakiety mo\u017cna dowolnie modyfikowa\u0107 w zale\u017cno\u015bci od potrzeb. Mo\u017cna zam\u00f3wi\u0107 tak\u017ce dodatkowe fotoalbumy np. mniejsze.<\/p>\n<hr>\n<\/div>\n","protected":false},"excerpt":{"rendered":"<p>Witam. &nbsp;Moja praca zaczyna si\u0119&nbsp;od dowolnego momentu (makija\u017c, fryzjer, ubieranie Panny M\u0142odej\/Pana M\u0142odego) natomiast ko\u0144czy si\u0119 po ostatniej zabawie po Oczepinach (okolice 1-2 w nocy). &nbsp; Pakiet I obejmuje: &#8211; oko\u0142o 1000 zdj\u0119\u0107 na pendrive, &#8211; strona internetowa wa\u017cna przez 3 miesi\u0105ce, &#8211; plener w tym lub innym dniu. &nbsp; Pakiet II obejmuje: &#8211; fotoalbum 30x30cm &#8211; 20 kart (oko\u0142o 100 zdj\u0119\u0107) w eleganckim boxie, &#8211; oko\u0142o 1000 zdj\u0119\u0107 na pendrive, &#8211; strona internetowa wa\u017cna przez 3 miesi\u0105ce, &#8211; plener w tym lub innym dniu. &nbsp; Podane pakiety mo\u017cna dowolnie modyfikowa\u0107 w zale\u017cno\u015bci od potrzeb. Mo\u017cna zam\u00f3wi\u0107 tak\u017ce dodatkowe fotoalbumy np. mniejsze.<\/p>\n","protected":false},"author":1,"featured_media":0,"parent":0,"menu_order":4,"comment_status":"open","ping_status":"closed","template":"","meta":{"ngg_post_thumbnail":0,"footnotes":""},"class_list":["post-2","page","type-page","status-publish","hentry"],"aioseo_notices":[],"_links":{"self":[{"href":"http:\/\/fotografia.ukowski.pl\/projekt\/index.php?rest_route=\/wp\/v2\/pages\/2","targetHints":{"allow":["GET"]}}],"collection":[{"href":"http:\/\/fotografia.ukowski.pl\/projekt\/index.php?rest_route=\/wp\/v2\/pages"}],"about":[{"href":"http:\/\/fotografia.ukowski.pl\/projekt\/index.php?rest_route=\/wp\/v2\/types\/page"}],"author":[{"embeddable":true,"href":"http:\/\/fotografia.ukowski.pl\/projekt\/index.php?rest_route=\/wp\/v2\/users\/1"}],"replies":[{"embeddable":true,"href":"http:\/\/fotografia.ukowski.pl\/projekt\/index.php?rest_route=%2Fwp%2Fv2%2Fcomments&post=2"}],"version-history":[{"count":18,"href":"http:\/\/fotografia.ukowski.pl\/projekt\/index.php?rest_route=\/wp\/v2\/pages\/2\/revisions"}],"predecessor-version":[{"id":3460,"href":"http:\/\/fotografia.ukowski.pl\/projekt\/index.php?rest_route=\/wp\/v2\/pages\/2\/revisions\/3460"}],"wp:attachment":[{"href":"http:\/\/fotografia.ukowski.pl\/projekt\/index.php?rest_route=%2Fwp%2Fv2%2Fmedia&parent=2"}],"curies":[{"name":"wp","href":"https:\/\/api.w.org\/{rel}","templated":true}]}}